{"id":19,"date":"2021-08-01T12:30:29","date_gmt":"2021-08-01T12:30:29","guid":{"rendered":"https:\/\/vixisbeauty.com\/?page_id=19"},"modified":"2025-09-02T17:44:24","modified_gmt":"2025-09-02T17:44:24","slug":"kapcsolat","status":"publish","type":"page","link":"https:\/\/vixisbeauty.com\/index.php\/kapcsolat\/","title":{"rendered":"Kapcsolat"},"content":{"rendered":"\t\t<div data-elementor-type=\"wp-page\" data-elementor-id=\"19\" class=\"elementor elementor-19\">\n\t\t\t\t\t\t\t\t\t<section class=\"elementor-section elementor-top-section elementor-element elementor-element-bc5cdd5 elementor-section-boxed elementor-section-height-default elementor-section-height-default\" data-id=\"bc5cdd5\" data-element_type=\"section\">\n\t\t\t\t\t\t<div class=\"elementor-container elementor-column-gap-default\">\n\t\t\t\t\t<div class=\"elementor-column elementor-col-100 elementor-top-column elementor-element elementor-element-219652b\" data-id=\"219652b\" data-element_type=\"column\">\n\t\t\t<div class=\"elementor-widget-wrap elementor-element-populated\">\n\t\t\t\t\t\t\t\t<div class=\"elementor-element elementor-element-5648fa3 elementor-widget elementor-widget-text-editor\" data-id=\"5648fa3\" data-element_type=\"widget\" data-widget_type=\"text-editor.default\">\n\t\t\t\t<div class=\"elementor-widget-container\">\n\t\t\t<style>\/*! elementor - v3.6.6 - 08-06-2022 *\/\n.elementor-widget-text-editor.elementor-drop-cap-view-stacked .elementor-drop-cap{background-color:#818a91;color:#fff}.elementor-widget-text-editor.elementor-drop-cap-view-framed .elementor-drop-cap{color:#818a91;border:3px solid;background-color:transparent}.elementor-widget-text-editor:not(.elementor-drop-cap-view-default) .elementor-drop-cap{margin-top:8px}.elementor-widget-text-editor:not(.elementor-drop-cap-view-default) .elementor-drop-cap-letter{width:1em;height:1em}.elementor-widget-text-editor .elementor-drop-cap{float:left;text-align:center;line-height:1;font-size:50px}.elementor-widget-text-editor .elementor-drop-cap-letter{display:inline-block}<\/style>\t\t\t\t<p>Bejelentkez\u00e9s telefonon: 06704090047<\/p><p>Email: vixisbeauty@gmail.com<\/p>\n<p>Facebook:<a href=\"https:\/\/www.facebook.com\/Vixis-Beauty-Salon-Orvosi-pigment%C3%A1ci%C3%B3-Sminktetov%C3%A1l%C3%A1s-%C3%A9s-Kozmetika-101008215001270\"> Vixi&#8217;s Beauty Salon<\/a><\/p>\n<p>Instagram: <a href=\"https:\/\/www.instagram.com\/vixisbeauty\/\">@vixisbeauty<\/a><\/p>\n<p><strong>C\u00edm:<\/strong> 2461 T\u00e1rnok, M\u00e1ria utca<\/p>\t\t\t\t\t\t<\/div>\n\t\t\t\t<\/div>\n\t\t\t\t<div class=\"elementor-element elementor-element-c8eb6a5 elementor-widget elementor-widget-google_maps\" data-id=\"c8eb6a5\" data-element_type=\"widget\" data-widget_type=\"google_maps.default\">\n\t\t\t\t<div class=\"elementor-widget-container\">\n\t\t\t<style>\/*! elementor - v3.6.6 - 08-06-2022 *\/\n.elementor-widget-google_maps .elementor-widget-container{overflow:hidden}.elementor-widget-google_maps iframe{height:300px}<\/style>\t\t<div class=\"elementor-custom-embed\">\n\t\t\t<iframe frameborder=\"0\" scrolling=\"no\" marginheight=\"0\" marginwidth=\"0\"\n\t\t\t\t\tsrc=\"https:\/\/maps.google.com\/maps?q=2040%20Buda%C3%B6rs%20Kossuth%20Lajos%20utca%2017.&#038;t=m&#038;z=10&#038;output=embed&#038;iwloc=near\"\n\t\t\t\t\ttitle=\"2040 Buda\u00f6rs Kossuth Lajos utca 17.\"\n\t\t\t\t\taria-label=\"2040 Buda\u00f6rs Kossuth Lajos utca 17.\"\n\t\t\t><\/iframe>\n\t\t<\/div>\n\t\t\t\t<\/div>\n\t\t\t\t<\/div>\n\t\t\t\t\t<\/div>\n\t\t<\/div>\n\t\t\t\t\t\t\t<\/div>\n\t\t<\/section>\n\t\t\t\t\t\t\t<\/div>\n\t\t","protected":false},"excerpt":{"rendered":"<p>Bejelentkez\u00e9s telefonon: 06704090047 Email: vixisbeauty@gmail.com Facebook: Vixi&#8217;s Beauty Salon Instagram: @vixisbeauty C\u00edm: 2461 T\u00e1rnok, M\u00e1ria utca<\/p>\n","protected":false},"author":1,"featured_media":0,"parent":0,"menu_order":0,"comment_status":"closed","ping_status":"closed","template":"","meta":{"footnotes":""},"class_list":["post-19","page","type-page","status-publish","hentry"],"_links":{"self":[{"href":"https:\/\/vixisbeauty.com\/index.php\/wp-json\/wp\/v2\/pages\/19","targetHints":{"allow":["GET"]}}],"collection":[{"href":"https:\/\/vixisbeauty.com\/index.php\/wp-json\/wp\/v2\/pages"}],"about":[{"href":"https:\/\/vixisbeauty.com\/index.php\/wp-json\/wp\/v2\/types\/page"}],"author":[{"embeddable":true,"href":"https:\/\/vixisbeauty.com\/index.php\/wp-json\/wp\/v2\/users\/1"}],"replies":[{"embeddable":true,"href":"https:\/\/vixisbeauty.com\/index.php\/wp-json\/wp\/v2\/comments?post=19"}],"version-history":[{"count":49,"href":"https:\/\/vixisbeauty.com\/index.php\/wp-json\/wp\/v2\/pages\/19\/revisions"}],"predecessor-version":[{"id":855,"href":"https:\/\/vixisbeauty.com\/index.php\/wp-json\/wp\/v2\/pages\/19\/revisions\/855"}],"wp:attachment":[{"href":"https:\/\/vixisbeauty.com\/index.php\/wp-json\/wp\/v2\/media?parent=19"}],"curies":[{"name":"wp","href":"https:\/\/api.w.org\/{rel}","templated":true}]}}