{"id":16,"date":"2021-08-01T12:30:29","date_gmt":"2021-08-01T12:30:29","guid":{"rendered":"https:\/\/vixisbeauty.com\/?page_id=16"},"modified":"2025-01-22T09:17:00","modified_gmt":"2025-01-22T09:17:00","slug":"arlista","status":"publish","type":"page","link":"https:\/\/vixisbeauty.com\/index.php\/arlista\/","title":{"rendered":"\u00c1rak"},"content":{"rendered":"\t\t<div data-elementor-type=\"wp-page\" data-elementor-id=\"16\" class=\"elementor elementor-16\">\n\t\t\t\t\t\t\t\t\t<section class=\"elementor-section elementor-top-section elementor-element elementor-element-185d6db elementor-section-boxed elementor-section-height-default elementor-section-height-default\" data-id=\"185d6db\" data-element_type=\"section\">\n\t\t\t\t\t\t<div class=\"elementor-container elementor-column-gap-default\">\n\t\t\t\t\t<div class=\"elementor-column elementor-col-100 elementor-top-column elementor-element elementor-element-73a3847\" data-id=\"73a3847\" data-element_type=\"column\">\n\t\t\t<div class=\"elementor-widget-wrap elementor-element-populated\">\n\t\t\t\t\t\t\t\t<div class=\"elementor-element elementor-element-78f61f6 elementor-widget elementor-widget-heading\" data-id=\"78f61f6\" data-element_type=\"widget\" data-widget_type=\"heading.default\">\n\t\t\t\t<div class=\"elementor-widget-container\">\n\t\t\t<style>\/*! elementor - v3.6.6 - 08-06-2022 *\/\n.elementor-heading-title{padding:0;margin:0;line-height:1}.elementor-widget-heading .elementor-heading-title[class*=elementor-size-]>a{color:inherit;font-size:inherit;line-height:inherit}.elementor-widget-heading .elementor-heading-title.elementor-size-small{font-size:15px}.elementor-widget-heading .elementor-heading-title.elementor-size-medium{font-size:19px}.elementor-widget-heading .elementor-heading-title.elementor-size-large{font-size:29px}.elementor-widget-heading .elementor-heading-title.elementor-size-xl{font-size:39px}.elementor-widget-heading .elementor-heading-title.elementor-size-xxl{font-size:59px}<\/style><h2 class=\"elementor-heading-title elementor-size-large\"><i>Sminktetov\u00e1l\u00e1s \u00e1rak<\/i><\/h2>\t\t<\/div>\n\t\t\t\t<\/div>\n\t\t\t\t\t<\/div>\n\t\t<\/div>\n\t\t\t\t\t\t\t<\/div>\n\t\t<\/section>\n\t\t\t\t<section class=\"elementor-section elementor-top-section elementor-element elementor-element-9bf9f1e elementor-section-boxed elementor-section-height-default elementor-section-height-default\" data-id=\"9bf9f1e\" data-element_type=\"section\">\n\t\t\t\t\t\t<div class=\"elementor-container elementor-column-gap-default\">\n\t\t\t\t\t<div class=\"elementor-column elementor-col-100 elementor-top-column elementor-element elementor-element-9809a91\" data-id=\"9809a91\" data-element_type=\"column\">\n\t\t\t<div class=\"elementor-widget-wrap elementor-element-populated\">\n\t\t\t\t\t\t\t\t<div class=\"elementor-element elementor-element-13db774 elementor-widget elementor-widget-text-editor\" data-id=\"13db774\" data-element_type=\"widget\" data-widget_type=\"text-editor.default\">\n\t\t\t\t<div class=\"elementor-widget-container\">\n\t\t\t<style>\/*! elementor - v3.6.6 - 08-06-2022 *\/\n.elementor-widget-text-editor.elementor-drop-cap-view-stacked .elementor-drop-cap{background-color:#818a91;color:#fff}.elementor-widget-text-editor.elementor-drop-cap-view-framed .elementor-drop-cap{color:#818a91;border:3px solid;background-color:transparent}.elementor-widget-text-editor:not(.elementor-drop-cap-view-default) .elementor-drop-cap{margin-top:8px}.elementor-widget-text-editor:not(.elementor-drop-cap-view-default) .elementor-drop-cap-letter{width:1em;height:1em}.elementor-widget-text-editor .elementor-drop-cap{float:left;text-align:center;line-height:1;font-size:50px}.elementor-widget-text-editor .elementor-drop-cap-letter{display:inline-block}<\/style>\t\t\t\t<p><em><strong>Szem\u00f6ld\u00f6k<\/strong><\/em><\/p>\n<p>L\u00e1gy, p\u00faderes szem\u00f6ld\u00f6ktetov\u00e1l\u00e1s &#8211; 79.000 Ft<\/p>\n<p>Ombre p\u00faderes szem\u00f6ld\u00f6ktetov\u00e1l\u00e1s &#8211; 79.000 Ft<\/p>\n<p><em><strong>Szemh\u00e9j<\/strong><\/em><\/p>\n<p>F\u00fcst\u00f6s szemh\u00e9j p\u00faderes technik\u00e1val &#8211; Soft liner &#8211; 79.000 Ft<\/p>\n<p>Klasszikus tusvonal &#8211; 79.000 Ft<\/p>\n<p>Fels\u0151 + als\u00f3 szemh\u00e9j &#8211; 99.000 Ft<\/p>\n<p>Szempillat\u0151 s\u0171r\u00edt\u00e9s &#8211; fels\u0151 &#8211; 45.000 Ft<\/p>\n<p>Szempillat\u0151 s\u0171r\u00edt\u00e9s &#8211; fels\u0151 + als\u00f3 &#8211; 65.000 Ft<\/p>\n<p><em><strong>Sz\u00e1j<\/strong><\/em><\/p>\n<p>Aquarelle ajkak &#8211; L\u00e1gy p\u00faderes technika &#8211; 89.000 Ft<em><strong><br><\/strong><\/em><\/p>\n<p>R\u00fazs hat\u00e1s\u00fa ajaktetov\u00e1l\u00e1s &#8211; 89.000&nbsp; Ft <em><strong><br><\/strong><\/em><\/p>\n<p><em><strong>Egy\u00e9b<br><\/strong><\/em><\/p>\n<p>Konzult\u00e1ci\u00f3: 5.000 Ft<br><\/p><p>M\u00e1s \u00e1ltal egyszer vagy t\u00f6bbsz\u00f6r tetov\u00e1lt ter\u00fclet jav\u00edt\u00e1sa, \u00fajratervez\u00e9se, \u00e1ttetov\u00e1l\u00e1sa : +15.000 Ft<\/p>\n<p>Egy alkalom korrekci\u00f3 3 h\u00f3napon bel\u00fcl &#8211; Ingyenes<\/p>\n<p>Minden tov\u00e1bbi korrekci\u00f3: + 20.000 Ft \/ alkalom<\/p>\n<p>Friss\u00edt\u00e9s 1,5 \u00e9ven bel\u00fcl (18 h\u00f3nap) &#8211; Az aktu\u00e1lis \u00e1r 70%-a.<\/p>\n<p>Konzult\u00e1ci\u00f3, ami a megval\u00f3sult szolg\u00e1ltat\u00e1s \u00e1r\u00e1b\u00f3l levon\u00e1sra ker\u00fcl: 5.000 Ft<\/p>\n<div>* A felt\u00fcntetett \u00e1rak tartalmazz\u00e1k a 27% \u00c1FA-t.<\/div>\n<div>* A sminktetov\u00e1l\u00e1sok \u00e1rai tartalmaznak egy ingyenes korrekci\u00f3s alkalmat is, mely az els\u0151 tetov\u00e1l\u00e1st\u00f3l sz\u00e1m\u00edtott h\u00e1rom bel\u00fcl haszn\u00e1lhat\u00f3 fel.<\/div>\n<div>A h\u00e1rom h\u00f3nap t\u00fall\u00e9p\u00e9se ut\u00e1n a m\u00e1sodik alkalom friss\u00edt\u00e9snek sz\u00e1m\u00edt.<\/div>\n<div>&nbsp;<\/div>\t\t\t\t\t\t<\/div>\n\t\t\t\t<\/div>\n\t\t\t\t\t<\/div>\n\t\t<\/div>\n\t\t\t\t\t\t\t<\/div>\n\t\t<\/section>\n\t\t\t\t\t\t\t<\/div>\n\t\t","protected":false},"excerpt":{"rendered":"<p>Sminktetov\u00e1l\u00e1s \u00e1rak Szem\u00f6ld\u00f6k L\u00e1gy, p\u00faderes szem\u00f6ld\u00f6ktetov\u00e1l\u00e1s &#8211; 79.000 Ft Ombre p\u00faderes szem\u00f6ld\u00f6ktetov\u00e1l\u00e1s &#8211; 79.000 Ft Szemh\u00e9j F\u00fcst\u00f6s szemh\u00e9j p\u00faderes technik\u00e1val &#8211; Soft liner &#8211; 79.000 &hellip; <\/p>\n","protected":false},"author":1,"featured_media":0,"parent":0,"menu_order":0,"comment_status":"closed","ping_status":"closed","template":"","meta":{"footnotes":""},"class_list":["post-16","page","type-page","status-publish","hentry"],"_links":{"self":[{"href":"https:\/\/vixisbeauty.com\/index.php\/wp-json\/wp\/v2\/pages\/16","targetHints":{"allow":["GET"]}}],"collection":[{"href":"https:\/\/vixisbeauty.com\/index.php\/wp-json\/wp\/v2\/pages"}],"about":[{"href":"https:\/\/vixisbeauty.com\/index.php\/wp-json\/wp\/v2\/types\/page"}],"author":[{"embeddable":true,"href":"https:\/\/vixisbeauty.com\/index.php\/wp-json\/wp\/v2\/users\/1"}],"replies":[{"embeddable":true,"href":"https:\/\/vixisbeauty.com\/index.php\/wp-json\/wp\/v2\/comments?post=16"}],"version-history":[{"count":96,"href":"https:\/\/vixisbeauty.com\/index.php\/wp-json\/wp\/v2\/pages\/16\/revisions"}],"predecessor-version":[{"id":850,"href":"https:\/\/vixisbeauty.com\/index.php\/wp-json\/wp\/v2\/pages\/16\/revisions\/850"}],"wp:attachment":[{"href":"https:\/\/vixisbeauty.com\/index.php\/wp-json\/wp\/v2\/media?parent=16"}],"curies":[{"name":"wp","href":"https:\/\/api.w.org\/{rel}","templated":true}]}}