{"id":14,"date":"2021-08-01T12:30:29","date_gmt":"2021-08-01T12:30:29","guid":{"rendered":"https:\/\/vixisbeauty.com\/?page_id=14"},"modified":"2024-09-12T12:21:10","modified_gmt":"2024-09-12T12:21:10","slug":"kozmetikai-szolgaltatasok","status":"publish","type":"page","link":"https:\/\/vixisbeauty.com\/index.php\/kozmetikai-szolgaltatasok\/","title":{"rendered":"Kozmetikai kezel\u00e9sek"},"content":{"rendered":"\t\t<div data-elementor-type=\"wp-page\" data-elementor-id=\"14\" class=\"elementor elementor-14\">\n\t\t\t\t\t\t\t\t\t<section class=\"elementor-section elementor-top-section elementor-element elementor-element-54c627e elementor-section-boxed elementor-section-height-default elementor-section-height-default\" data-id=\"54c627e\" data-element_type=\"section\">\n\t\t\t\t\t\t<div class=\"elementor-container elementor-column-gap-default\">\n\t\t\t\t\t<div class=\"elementor-column elementor-col-100 elementor-top-column elementor-element elementor-element-52dabf2\" data-id=\"52dabf2\" data-element_type=\"column\">\n\t\t\t<div class=\"elementor-widget-wrap elementor-element-populated\">\n\t\t\t\t\t\t\t\t<div class=\"elementor-element elementor-element-0cc8479 elementor-widget elementor-widget-text-editor\" data-id=\"0cc8479\" data-element_type=\"widget\" data-widget_type=\"text-editor.default\">\n\t\t\t\t<div class=\"elementor-widget-container\">\n\t\t\t<style>\/*! elementor - v3.6.6 - 08-06-2022 *\/\n.elementor-widget-text-editor.elementor-drop-cap-view-stacked .elementor-drop-cap{background-color:#818a91;color:#fff}.elementor-widget-text-editor.elementor-drop-cap-view-framed .elementor-drop-cap{color:#818a91;border:3px solid;background-color:transparent}.elementor-widget-text-editor:not(.elementor-drop-cap-view-default) .elementor-drop-cap{margin-top:8px}.elementor-widget-text-editor:not(.elementor-drop-cap-view-default) .elementor-drop-cap-letter{width:1em;height:1em}.elementor-widget-text-editor .elementor-drop-cap{float:left;text-align:center;line-height:1;font-size:50px}.elementor-widget-text-editor .elementor-drop-cap-letter{display:inline-block}<\/style>\t\t\t\t<p>A kozmetikai kezel\u00e9seket a 30 \u00e9ves m\u00falttal rendelkez\u0151, n\u00e9met, professzion\u00e1lis Janssen term\u00e9kcsal\u00e1ddal v\u00e9gzem.<\/p>\t\t\t\t\t\t<\/div>\n\t\t\t\t<\/div>\n\t\t\t\t<div class=\"elementor-element elementor-element-b20936e elementor-widget elementor-widget-image\" data-id=\"b20936e\" data-element_type=\"widget\" data-widget_type=\"image.default\">\n\t\t\t\t<div class=\"elementor-widget-container\">\n\t\t\t<style>\/*! elementor - v3.6.6 - 08-06-2022 *\/\n.elementor-widget-image{text-align:center}.elementor-widget-image a{display:inline-block}.elementor-widget-image a img[src$=\".svg\"]{width:48px}.elementor-widget-image img{vertical-align:middle;display:inline-block}<\/style>\t\t\t\t\t\t\t\t\t\t\t\t<img loading=\"lazy\" decoding=\"async\" width=\"600\" height=\"250\" src=\"https:\/\/vixisbeauty.com\/wp-content\/uploads\/2024\/09\/328-4.jpg\" class=\"attachment-medium_large size-medium_large\" alt=\"\" srcset=\"https:\/\/vixisbeauty.com\/wp-content\/uploads\/2024\/09\/328-4.jpg 600w, https:\/\/vixisbeauty.com\/wp-content\/uploads\/2024\/09\/328-4-300x125.jpg 300w, https:\/\/vixisbeauty.com\/wp-content\/uploads\/2024\/09\/328-4-144x60.jpg 144w\" sizes=\"auto, (max-width: 600px) 100vw, 600px\" \/>\t\t\t\t\t\t\t\t\t\t\t\t\t\t\t<\/div>\n\t\t\t\t<\/div>\n\t\t\t\t<div class=\"elementor-element elementor-element-ee7bd72 elementor-widget elementor-widget-text-editor\" data-id=\"ee7bd72\" data-element_type=\"widget\" data-widget_type=\"text-editor.default\">\n\t\t\t\t<div class=\"elementor-widget-container\">\n\t\t\t\t\t\t\t<p><strong>Hidrat\u00e1l\u00f3, t\u00e1pl\u00e1l\u00f3, anti-aging kezel\u00e9s \u00a0\u00a0\u00a0\u00a0\u00a0\u00a0\u00a0\u00a0\u00a0\u00a0\u00a0\u00a0\u00a0\u00a0\u00a0\u00a0\u00a0\u00a0\u00a0\u00a0\u00a0\u00a0\u00a0\u00a0\u00a0\u00a0\u00a0\u00a0\u00a0\u00a0\u00a0\u00a0\u00a0\u00a0\u00a0\u00a0\u00a0\u00a0\u00a0\u00a0\u00a0\u00a0\u00a0\u00a0\u00a0\u00a0\u00a0\u00a0\u00a0\u00a0\u00a0\u00a0\u00a0\u00a0 \u00a0 \u00a0 <br \/><\/strong><\/p><p>(arctiszt\u00edt\u00e1s,enzimes peeling, toniz\u00e1l\u00e1s, ampulla bevitel ultrahanggal,<\/p><p>arc-nyak-dekolt\u00e1zs massz\u00e1zs, sz\u00e9rum, befejez\u0151 kr\u00e9mek)<\/p><p>Id\u0151tartam: kb. 1,5 \u00f3ra<\/p><p><strong>\u00a0<\/strong><\/p><p><strong>Retinolos b\u0151rfiatal\u00edt\u00f3 kezel\u00e9s \u2013 RETINOL LIFT term\u00e9kcsal\u00e1ddal\u00a0\u00a0\u00a0\u00a0\u00a0\u00a0\u00a0\u00a0\u00a0\u00a0\u00a0 <br \/><\/strong><\/p><p>(arctiszt\u00edt\u00e1s, enzimes peeling, toniz\u00e1l\u00e1s, Retinol maszk, ampulla bevitel ultrahanggal,<\/p><p>retinol sz\u00e9rum, arc-nyak-dekolt\u00e1zs massz\u00e1zs Retinol massz\u00e1zs kr\u00e9mmel,<\/p><p>f\u00e9nyv\u00e9d\u0151 \u00e9s befejez\u0151 kr\u00e9mek)<\/p><p>Id\u0151tartam: kb. 1,5 \u00f3ra<\/p><p><strong>\u00a0<\/strong><\/p><p><strong>M\u00e9regtelen\u00edt\u0151 arckezel\u00e9s C- \u00e9s E-vitaminnal, Detox term\u00e9kcsal\u00e1ddal\u00a0\u00a0 <br \/><\/strong><\/p><p>(arctiszt\u00edt\u00e1s AHA savas lemos\u00f3val, toniz\u00e1l\u00e1s, Detox enzimes peeling,<\/p><p>fekete m\u00e9regtelen\u00edt\u0151 bubor\u00e9kmaszk, Detox ampulla, massz\u00e1zs Detox arckr\u00e9mmel,<\/p><p>sz\u00e9rumok, f\u00e9nyv\u00e9d\u0151 \u00e9s befejez\u0151 kr\u00e9mek) Id\u0151tartam: kb. 1,5 \u00f3ra<\/p><p>\u00a0<\/p><p><strong>Mikrodermabr\u00e1zi\u00f3s kezel\u00e9s \u2013 Gy\u00e9m\u00e1ntfejes csiszol\u00e1s\u00a0\u00a0\u00a0\u00a0\u00a0\u00a0\u00a0\u00a0\u00a0\u00a0\u00a0\u00a0\u00a0\u00a0\u00a0\u00a0\u00a0\u00a0\u00a0\u00a0\u00a0\u00a0\u00a0\u00a0\u00a0\u00a0\u00a0 <br \/><\/strong><\/p><p>(arctiszt\u00edt\u00e1s,b\u0151rcsiszol\u00e1s, toniz\u00e1l\u00e1s, sz\u00e9rum bevitel ultrahanggal,<\/p><p>befejez\u0151 kr\u00e9mek) Id\u0151tartam: kb. 45 perc<\/p><p>+arcmassz\u00e1zzsal \u00e9s ampull\u00e1val is k\u00e9rhet\u0151 <\/p><p>\u00a0<\/p><p><strong>Tiszt\u00edt\u00f3 arckezel\u00e9s \u00a0\u00a0\u00a0\u00a0\u00a0\u00a0\u00a0\u00a0\u00a0\u00a0\u00a0\u00a0\u00a0\u00a0\u00a0\u00a0\u00a0\u00a0\u00a0\u00a0\u00a0\u00a0\u00a0\u00a0\u00a0\u00a0\u00a0\u00a0\u00a0\u00a0\u00a0\u00a0\u00a0\u00a0\u00a0\u00a0\u00a0\u00a0\u00a0\u00a0\u00a0\u00a0\u00a0\u00a0\u00a0\u00a0\u00a0\u00a0\u00a0\u00a0\u00a0\u00a0\u00a0\u00a0\u00a0\u00a0\u00a0\u00a0\u00a0\u00a0\u00a0\u00a0\u00a0\u00a0\u00a0\u00a0\u00a0\u00a0\u00a0\u00a0\u00a0\u00a0\u00a0\u00a0\u00a0\u00a0\u00a0\u00a0\u00a0\u00a0\u00a0\u00a0\u00a0\u00a0\u00a0\u00a0\u00a0\u00a0\u00a0\u00a0 <br \/><\/strong><\/p><p>(arctiszt\u00edt\u00e1s, b\u0151r felpuh\u00edt\u00e1sa, p\u00f3rus tiszt\u00edt\u00e1s, fert\u0151tlen\u00edt\u00e9s, toniz\u00e1l\u00e1s, sz\u00e9rum bevitel ultrahanggal,<\/p><p>arc-nyak-dekolt\u00e1zs massz\u00e1zs (amennyiben nincsenek gyulladt akn\u00e9k),<\/p><p>f\u00e9nyv\u00e9d\u0151 \u00e9s befejez\u0151 kr\u00e9mek) Id\u0151tartam: kb. 2 \u00f3ra<\/p><p><strong>\u00a0<\/strong><\/p><p><strong>Mini- kezel\u00e9s \u00a0\u00a0\u00a0\u00a0\u00a0\u00a0\u00a0\u00a0\u00a0\u00a0\u00a0\u00a0\u00a0\u00a0\u00a0\u00a0\u00a0\u00a0\u00a0\u00a0\u00a0\u00a0\u00a0\u00a0\u00a0\u00a0\u00a0\u00a0\u00a0\u00a0\u00a0\u00a0\u00a0\u00a0\u00a0\u00a0\u00a0\u00a0\u00a0\u00a0\u00a0\u00a0\u00a0\u00a0\u00a0\u00a0\u00a0\u00a0\u00a0 \u00a0 \u00a0 \u00a0 \u00a0 \u00a0 \u00a0 \u00a0\u00a0\u00a0\u00a0\u00a0\u00a0 \u00a0\u00a0\u00a0\u00a0\u00a0\u00a0\u00a0\u00a0\u00a0\u00a0\u00a0\u00a0\u00a0\u00a0\u00a0\u00a0\u00a0\u00a0\u00a0\u00a0\u00a0\u00a0\u00a0\u00a0\u00a0\u00a0\u00a0\u00a0\u00a0\u00a0\u00a0\u00a0 <br \/><\/strong><\/p><p>(arctiszt\u00edt\u00e1s, enzimes peeling, toniz\u00e1l\u00e1s, 10 perc arc-nyak-dekolt\u00e1zs massz\u00e1zs,<\/p><p>f\u00e9nyv\u00e9d\u0151 \u00e9s befejez\u0151 kr\u00e9mek) Id\u0151tartam: 45 perc<\/p><p><strong>\u00a0<\/strong><\/p><p><strong>Tini kezel\u00e9s \u00a0\u00a0\u00a0\u00a0\u00a0\u00a0 \u00a0\u00a0 \u00a0\u00a0\u00a0\u00a0\u00a0\u00a0\u00a0\u00a0\u00a0\u00a0\u00a0\u00a0\u00a0\u00a0\u00a0\u00a0\u00a0\u00a0\u00a0\u00a0\u00a0\u00a0\u00a0\u00a0\u00a0\u00a0\u00a0\u00a0\u00a0\u00a0\u00a0\u00a0\u00a0\u00a0\u00a0\u00a0\u00a0\u00a0\u00a0\u00a0 \u00a0 \u00a0 \u00a0 \u00a0 \u00a0 \u00a0 \u00a0 \u00a0\u00a0\u00a0\u00a0 \u00a0 \u00a0 \u00a0 \u00a0 \u00a0 \u00a0 \u00a0 \u00a0 \u00a0 \u00a0 \u00a0 \u00a0 \u00a0 \u00a0 \u00a0 \u00a0 \u00a0 <br \/><\/strong><\/p><p>(arctiszt\u00edt\u00e1s, peeling-felpuh\u00edt\u00e1s, tiszt\u00edt\u00e1s, fert\u0151tlen\u00edt\u00e9s VIO-val, \u00f6sszeh\u00faz\u00f3 pakol\u00e1s,<\/p><p>faggy\u00faszab\u00e1lyz\u00f3 \u00e9s nyugtat\u00f3 sz\u00e9rum, befejez\u0151 kr\u00e9m) Id\u0151tartam: kb. 1-1,5 \u00f3ra<\/p><p><strong>\u00a0<\/strong><\/p><p><strong>Relax\u00e1l\u00f3 arcmassz\u00e1zs \u00a0\u00a0\u00a0\u00a0\u00a0\u00a0\u00a0\u00a0\u00a0\u00a0\u00a0\u00a0\u00a0\u00a0\u00a0\u00a0\u00a0\u00a0\u00a0\u00a0\u00a0\u00a0\u00a0\u00a0\u00a0\u00a0\u00a0\u00a0\u00a0\u00a0\u00a0\u00a0\u00a0\u00a0\u00a0\u00a0\u00a0\u00a0\u00a0\u00a0\u00a0\u00a0\u00a0\u00a0\u00a0\u00a0\u00a0\u00a0\u00a0\u00a0\u00a0\u00a0\u00a0\u00a0\u00a0\u00a0\u00a0 \u00a0 \u00a0 \u00a0 \u00a0 \u00a0 \u00a0 \u00a0 \u00a0 \u00a0 \u00a0 \u00a0 \u00a0 \u00a0\u00a0 <br \/><\/strong><\/p><p>(arctiszt\u00edt\u00e1s, toniz\u00e1l\u00e1s, 20 perc arc-nyak-dekolt\u00e1zs massz\u00e1zs,<\/p><p>f\u00e9nyv\u00e9d\u0151 \u00e9s befejez\u0151 kr\u00e9mek) Id\u0151tartam: kb. 40 perc<\/p><p><strong>\u00a0<\/strong><\/p><p><strong>Relax\u00e1l\u00f3 arcmmassz\u00e1zs, 4 alkalmas b\u00e9rlet \u00a0\u00a0\u00a0\u00a0\u00a0\u00a0\u00a0\u00a0\u00a0\u00a0\u00a0\u00a0\u00a0\u00a0\u00a0\u00a0\u00a0\u00a0\u00a0\u00a0\u00a0\u00a0\u00a0\u00a0\u00a0\u00a0\u00a0\u00a0\u00a0\u00a0\u00a0\u00a0\u00a0\u00a0\u00a0\u00a0\u00a0\u00a0\u00a0\u00a0\u00a0\u00a0\u00a0\u00a0\u00a0\u00a0 <br \/><\/strong><\/p><p>(H\u00e1rom h\u00f3napig \u00e9rv\u00e9nyes)<\/p><p><strong>\u00a0<\/strong><\/p><p><strong>Minden kezel\u00e9shez k\u00e9rhet\u0151:<\/strong><\/p><p>+ Ampulla \u00a0\u00a0\u00a0\u00a0\u00a0\u00a0\u00a0\u00a0\u00a0\u00a0\u00a0\u00a0\u00a0\u00a0\u00a0\u00a0\u00a0\u00a0\u00a0\u00a0\u00a0\u00a0\u00a0\u00a0\u00a0\u00a0\u00a0\u00a0\u00a0\u00a0\u00a0\u00a0\u00a0\u00a0\u00a0\u00a0\u00a0\u00a0\u00a0\u00a0\u00a0\u00a0\u00a0\u00a0\u00a0\u00a0\u00a0\u00a0\u00a0\u00a0\u00a0\u00a0\u00a0\u00a0\u00a0\u00a0\u00a0\u00a0\u00a0 \u00a0\u00a0\u00a0\u00a0\u00a0\u00a0 \u00a0 \u00a0 \u00a0 \u00a0 \u00a0 \u00a0 \u00a0 \u00a0\u00a0\u00a0\u00a0\u00a0\u00a0\u00a0\u00a0\u00a0\u00a0\u00a0 \u00a0\u00a0\u00a0\u00a0\u00a0\u00a0\u00a0\u00a0\u00a0\u00a0\u00a0\u00a0 <\/p><p>+ Algamaszk \u00a0\u00a0\u00a0\u00a0\u00a0\u00a0\u00a0\u00a0\u00a0\u00a0\u00a0\u00a0\u00a0\u00a0\u00a0\u00a0\u00a0\u00a0\u00a0\u00a0\u00a0\u00a0\u00a0\u00a0\u00a0\u00a0\u00a0\u00a0\u00a0\u00a0\u00a0\u00a0\u00a0\u00a0\u00a0\u00a0\u00a0\u00a0\u00a0\u00a0\u00a0\u00a0\u00a0\u00a0\u00a0\u00a0\u00a0\u00a0\u00a0\u00a0\u00a0\u00a0\u00a0\u00a0 \u00a0 \u00a0 \u00a0 \u00a0 \u00a0 \u00a0 \u00a0 \u00a0 \u00a0 \u00a0 \u00a0 \u00a0 \u00a0 \u00a0\u00a0 \u00a0\u00a0\u00a0\u00a0\u00a0\u00a0\u00a0\u00a0\u00a0\u00a0\u00a0\u00a0\u00a0\u00a0\u00a0\u00a0\u00a0 <\/p><p><strong>\u00a0Szempilla lifting<br \/><\/strong><\/p><p><strong>Szempilla fest\u00e9s\u00a0\u00a0\u00a0\u00a0\u00a0\u00a0\u00a0\u00a0\u00a0\u00a0\u00a0\u00a0\u00a0\u00a0\u00a0\u00a0\u00a0\u00a0\u00a0\u00a0\u00a0\u00a0\u00a0\u00a0\u00a0\u00a0\u00a0\u00a0\u00a0\u00a0\u00a0\u00a0\u00a0\u00a0\u00a0\u00a0\u00a0\u00a0\u00a0\u00a0\u00a0\u00a0\u00a0\u00a0\u00a0\u00a0\u00a0\u00a0\u00a0\u00a0\u00a0\u00a0\u00a0\u00a0\u00a0\u00a0\u00a0\u00a0\u00a0\u00a0\u00a0\u00a0\u00a0\u00a0\u00a0\u00a0\u00a0\u00a0\u00a0\u00a0\u00a0\u00a0\u00a0\u00a0\u00a0\u00a0\u00a0\u00a0\u00a0\u00a0\u00a0\u00a0\u00a0\u00a0\u00a0\u00a0\u00a0\u00a0 \u00a0 \u00a0 <br \/><\/strong><\/p><p><strong>Szem\u00f6ld\u00f6k fest\u00e9s \u00a0\u00a0\u00a0\u00a0\u00a0\u00a0\u00a0\u00a0\u00a0\u00a0\u00a0\u00a0\u00a0\u00a0\u00a0\u00a0\u00a0\u00a0\u00a0\u00a0\u00a0\u00a0\u00a0\u00a0\u00a0\u00a0\u00a0\u00a0\u00a0\u00a0\u00a0\u00a0\u00a0\u00a0\u00a0\u00a0\u00a0\u00a0\u00a0\u00a0\u00a0\u00a0\u00a0\u00a0 \u00a0 \u00a0 \u00a0 \u00a0\u00a0 \u00a0\u00a0 \u00a0\u00a0\u00a0\u00a0\u00a0\u00a0\u00a0\u00a0\u00a0\u00a0\u00a0\u00a0\u00a0\u00a0\u00a0\u00a0\u00a0\u00a0\u00a0\u00a0\u00a0\u00a0\u00a0\u00a0\u00a0\u00a0\u00a0\u00a0 <br \/><\/strong><\/p><p><strong>Szem\u00f6ld\u00f6k szed\u00e9s csipesszel vagy wax-al\u00a0\u00a0\u00a0\u00a0\u00a0\u00a0\u00a0\u00a0\u00a0\u00a0\u00a0\u00a0\u00a0\u00a0\u00a0\u00a0\u00a0\u00a0\u00a0 \u00a0\u00a0 \u00a0\u00a0\u00a0\u00a0\u00a0\u00a0\u00a0\u00a0\u00a0\u00a0\u00a0\u00a0\u00a0\u00a0\u00a0\u00a0\u00a0\u00a0\u00a0\u00a0\u00a0\u00a0\u00a0\u00a0 <br \/><\/strong><\/p><p>\u00a0<\/p>\t\t\t\t\t\t<\/div>\n\t\t\t\t<\/div>\n\t\t\t\t\t<\/div>\n\t\t<\/div>\n\t\t\t\t\t\t\t<\/div>\n\t\t<\/section>\n\t\t\t\t\t\t\t<\/div>\n\t\t","protected":false},"excerpt":{"rendered":"<p>A kozmetikai kezel\u00e9seket a 30 \u00e9ves m\u00falttal rendelkez\u0151, n\u00e9met, professzion\u00e1lis Janssen term\u00e9kcsal\u00e1ddal v\u00e9gzem. Hidrat\u00e1l\u00f3, t\u00e1pl\u00e1l\u00f3, anti-aging kezel\u00e9s \u00a0\u00a0\u00a0\u00a0\u00a0\u00a0\u00a0\u00a0\u00a0\u00a0\u00a0\u00a0\u00a0\u00a0\u00a0\u00a0\u00a0\u00a0\u00a0\u00a0\u00a0\u00a0\u00a0\u00a0\u00a0\u00a0\u00a0\u00a0\u00a0\u00a0\u00a0\u00a0\u00a0\u00a0\u00a0\u00a0\u00a0\u00a0\u00a0\u00a0\u00a0\u00a0\u00a0\u00a0\u00a0\u00a0\u00a0\u00a0\u00a0\u00a0\u00a0\u00a0\u00a0\u00a0 \u00a0 \u00a0 (arctiszt\u00edt\u00e1s,enzimes peeling, toniz\u00e1l\u00e1s, ampulla bevitel &hellip; <\/p>\n","protected":false},"author":1,"featured_media":0,"parent":0,"menu_order":0,"comment_status":"closed","ping_status":"closed","template":"","meta":{"footnotes":""},"class_list":["post-14","page","type-page","status-publish","hentry"],"_links":{"self":[{"href":"https:\/\/vixisbeauty.com\/index.php\/wp-json\/wp\/v2\/pages\/14","targetHints":{"allow":["GET"]}}],"collection":[{"href":"https:\/\/vixisbeauty.com\/index.php\/wp-json\/wp\/v2\/pages"}],"about":[{"href":"https:\/\/vixisbeauty.com\/index.php\/wp-json\/wp\/v2\/types\/page"}],"author":[{"embeddable":true,"href":"https:\/\/vixisbeauty.com\/index.php\/wp-json\/wp\/v2\/users\/1"}],"replies":[{"embeddable":true,"href":"https:\/\/vixisbeauty.com\/index.php\/wp-json\/wp\/v2\/comments?post=14"}],"version-history":[{"count":19,"href":"https:\/\/vixisbeauty.com\/index.php\/wp-json\/wp\/v2\/pages\/14\/revisions"}],"predecessor-version":[{"id":776,"href":"https:\/\/vixisbeauty.com\/index.php\/wp-json\/wp\/v2\/pages\/14\/revisions\/776"}],"wp:attachment":[{"href":"https:\/\/vixisbeauty.com\/index.php\/wp-json\/wp\/v2\/media?parent=14"}],"curies":[{"name":"wp","href":"https:\/\/api.w.org\/{rel}","templated":true}]}}