{"id":12,"date":"2021-08-01T12:30:29","date_gmt":"2021-08-01T12:30:29","guid":{"rendered":"https:\/\/vixisbeauty.com\/?page_id=12"},"modified":"2021-09-05T12:11:51","modified_gmt":"2021-09-05T12:11:51","slug":"orvosi-tetovalas","status":"publish","type":"page","link":"https:\/\/vixisbeauty.com\/index.php\/orvosi-tetovalas\/","title":{"rendered":"Orvosi tetov\u00e1l\u00e1s"},"content":{"rendered":"\t\t<div data-elementor-type=\"wp-page\" data-elementor-id=\"12\" class=\"elementor elementor-12\">\n\t\t\t\t\t\t\t\t\t<section class=\"elementor-section elementor-top-section elementor-element elementor-element-6b10653 elementor-section-boxed elementor-section-height-default elementor-section-height-default\" data-id=\"6b10653\" data-element_type=\"section\">\n\t\t\t\t\t\t<div class=\"elementor-container elementor-column-gap-default\">\n\t\t\t\t\t<div class=\"elementor-column elementor-col-100 elementor-top-column elementor-element elementor-element-9d64221\" data-id=\"9d64221\" data-element_type=\"column\">\n\t\t\t<div class=\"elementor-widget-wrap elementor-element-populated\">\n\t\t\t\t\t\t\t\t<div class=\"elementor-element elementor-element-e1b5a62 elementor-widget elementor-widget-text-editor\" data-id=\"e1b5a62\" data-element_type=\"widget\" data-widget_type=\"text-editor.default\">\n\t\t\t\t<div class=\"elementor-widget-container\">\n\t\t\t<style>\/*! elementor - v3.6.6 - 08-06-2022 *\/\n.elementor-widget-text-editor.elementor-drop-cap-view-stacked .elementor-drop-cap{background-color:#818a91;color:#fff}.elementor-widget-text-editor.elementor-drop-cap-view-framed .elementor-drop-cap{color:#818a91;border:3px solid;background-color:transparent}.elementor-widget-text-editor:not(.elementor-drop-cap-view-default) .elementor-drop-cap{margin-top:8px}.elementor-widget-text-editor:not(.elementor-drop-cap-view-default) .elementor-drop-cap-letter{width:1em;height:1em}.elementor-widget-text-editor .elementor-drop-cap{float:left;text-align:center;line-height:1;font-size:50px}.elementor-widget-text-editor .elementor-drop-cap-letter{display:inline-block}<\/style>\t\t\t\t<p>Areola (mellbimb\u00f3-mellbimb\u00f3 udvar) tetov\u00e1l\u00e1s\u00e1t egyar\u00e1nt el lehet k\u00e9sz\u00edteni masztekt\u00f3mi\u00e1n \u00e1tesett n\u0151knek, vagy akinek nem egys\u00e9ges sz\u00edn\u0171 vagy form\u00e1j\u00fa a mellbimb\u00f3 udvara.<\/p>\n<p>A tetov\u00e1l\u00e1st minden alkalommal egy ingyenes szem\u00e9lyes konzult\u00e1ci\u00f3 el\u0151zi meg, amely sor\u00e1n kit\u00e9r\u00fcnk minden eg\u00e9szs\u00e9g\u00fcgyi k\u00e9rd\u00e9sre, valamint r\u00e9szletesen megbesz\u00e9lj\u00fck a tetov\u00e1l\u00e1s menet\u00e9t \u00e9s a tudnival\u00f3kat.<\/p>\n<p>A tetov\u00e1l\u00e1s \u00e1ltal\u00e1nos tudnival\u00f3ir\u00f3l <a href=\"https:\/\/vixisbeauty.com\/index.php\/sminktetovalas\/\">ide kattintva<\/a> lehet olvasni.<\/p>\n<p>B\u00e1rmilyen k\u00e9rd\u00e9sre sz\u00edvesen v\u00e1laszolok vagy bejelentkezni az al\u00e1bbi telefonsz\u00e1mon lehet:<\/p>\n<p>Nagy Vikt\u00f3ria &#8211; Vixi&#8217;s Beauty Salon 06704090047<\/p>\t\t\t\t\t\t<\/div>\n\t\t\t\t<\/div>\n\t\t\t\t\t<\/div>\n\t\t<\/div>\n\t\t\t\t\t\t\t<\/div>\n\t\t<\/section>\n\t\t\t\t<section class=\"elementor-section elementor-top-section elementor-element elementor-element-352647f elementor-section-boxed elementor-section-height-default elementor-section-height-default\" data-id=\"352647f\" data-element_type=\"section\">\n\t\t\t\t\t\t<div class=\"elementor-container elementor-column-gap-default\">\n\t\t\t\t\t<div class=\"elementor-column elementor-col-100 elementor-top-column elementor-element elementor-element-59f5cc8\" data-id=\"59f5cc8\" data-element_type=\"column\">\n\t\t\t<div class=\"elementor-widget-wrap elementor-element-populated\">\n\t\t\t\t\t\t\t\t<div class=\"elementor-element elementor-element-7d26841 elementor-widget elementor-widget-image-gallery\" data-id=\"7d26841\" data-element_type=\"widget\" data-widget_type=\"image-gallery.default\">\n\t\t\t\t<div class=\"elementor-widget-container\">\n\t\t\t<style>\/*! elementor - v3.6.6 - 08-06-2022 *\/\n.elementor-image-gallery .gallery-item{display:inline-block;text-align:center;vertical-align:top;width:100%;max-width:100%;margin:0 auto}.elementor-image-gallery .gallery-item img{margin:0 auto}.elementor-image-gallery .gallery-item .gallery-caption{margin:0}.elementor-image-gallery figure img{display:block}.elementor-image-gallery figure figcaption{width:100%}.gallery-spacing-custom .elementor-image-gallery .gallery-icon{padding:0}@media (min-width:768px){.elementor-image-gallery .gallery-columns-2 .gallery-item{max-width:50%}.elementor-image-gallery .gallery-columns-3 .gallery-item{max-width:33.33%}.elementor-image-gallery .gallery-columns-4 .gallery-item{max-width:25%}.elementor-image-gallery .gallery-columns-5 .gallery-item{max-width:20%}.elementor-image-gallery .gallery-columns-6 .gallery-item{max-width:16.666%}.elementor-image-gallery .gallery-columns-7 .gallery-item{max-width:14.28%}.elementor-image-gallery .gallery-columns-8 .gallery-item{max-width:12.5%}.elementor-image-gallery .gallery-columns-9 .gallery-item{max-width:11.11%}.elementor-image-gallery .gallery-columns-10 .gallery-item{max-width:10%}}@media (min-width:480px) and (max-width:767px){.elementor-image-gallery .gallery.gallery-columns-2 .gallery-item,.elementor-image-gallery .gallery.gallery-columns-3 .gallery-item,.elementor-image-gallery .gallery.gallery-columns-4 .gallery-item,.elementor-image-gallery .gallery.gallery-columns-5 .gallery-item,.elementor-image-gallery .gallery.gallery-columns-6 .gallery-item,.elementor-image-gallery .gallery.gallery-columns-7 .gallery-item,.elementor-image-gallery .gallery.gallery-columns-8 .gallery-item,.elementor-image-gallery .gallery.gallery-columns-9 .gallery-item,.elementor-image-gallery .gallery.gallery-columns-10 .gallery-item{max-width:50%}}@media (max-width:479px){.elementor-image-gallery .gallery.gallery-columns-2 .gallery-item,.elementor-image-gallery .gallery.gallery-columns-3 .gallery-item,.elementor-image-gallery .gallery.gallery-columns-4 .gallery-item,.elementor-image-gallery .gallery.gallery-columns-5 .gallery-item,.elementor-image-gallery .gallery.gallery-columns-6 .gallery-item,.elementor-image-gallery .gallery.gallery-columns-7 .gallery-item,.elementor-image-gallery .gallery.gallery-columns-8 .gallery-item,.elementor-image-gallery .gallery.gallery-columns-9 .gallery-item,.elementor-image-gallery .gallery.gallery-columns-10 .gallery-item{max-width:100%}}<\/style>\t\t<div class=\"elementor-image-gallery\">\n\t\t\t<div id='gallery-1' class='gallery galleryid-12 gallery-columns-4 gallery-size-thumbnail'><figure class='gallery-item'>\r\n    \t\t<div class='gallery-icon landscape'>\r\n    \t\t\t<a href='https:\/\/vixisbeauty.com\/wp-content\/uploads\/2021\/09\/IMG_7217.jpg' data-fancybox='group4' data-caption=''><img loading=\"lazy\" decoding=\"async\" width=\"150\" height=\"150\" src=\"https:\/\/vixisbeauty.com\/wp-content\/uploads\/2021\/09\/IMG_7217-150x150.jpg\" class=\"attachment-thumbnail size-thumbnail\" alt=\"\" srcset=\"https:\/\/vixisbeauty.com\/wp-content\/uploads\/2021\/09\/IMG_7217-150x150.jpg 150w, https:\/\/vixisbeauty.com\/wp-content\/uploads\/2021\/09\/IMG_7217-300x300.jpg 300w, https:\/\/vixisbeauty.com\/wp-content\/uploads\/2021\/09\/IMG_7217-1024x1024.jpg 1024w, https:\/\/vixisbeauty.com\/wp-content\/uploads\/2021\/09\/IMG_7217-768x768.jpg 768w, https:\/\/vixisbeauty.com\/wp-content\/uploads\/2021\/09\/IMG_7217-1536x1536.jpg 1536w, https:\/\/vixisbeauty.com\/wp-content\/uploads\/2021\/09\/IMG_7217-60x60.jpg 60w, https:\/\/vixisbeauty.com\/wp-content\/uploads\/2021\/09\/IMG_7217.jpg 1818w\" sizes=\"auto, (max-width: 150px) 100vw, 150px\" \/><\/a>\r\n    \t\t<\/div><\/figure><figure class='gallery-item'>\r\n    \t\t<div class='gallery-icon landscape'>\r\n    \t\t\t<a href='https:\/\/vixisbeauty.com\/wp-content\/uploads\/2021\/09\/IMG_7218.jpg' data-fancybox='group4' data-caption=''><img loading=\"lazy\" decoding=\"async\" width=\"150\" height=\"150\" src=\"https:\/\/vixisbeauty.com\/wp-content\/uploads\/2021\/09\/IMG_7218-150x150.jpg\" class=\"attachment-thumbnail size-thumbnail\" alt=\"\" srcset=\"https:\/\/vixisbeauty.com\/wp-content\/uploads\/2021\/09\/IMG_7218-150x150.jpg 150w, https:\/\/vixisbeauty.com\/wp-content\/uploads\/2021\/09\/IMG_7218-300x300.jpg 300w, https:\/\/vixisbeauty.com\/wp-content\/uploads\/2021\/09\/IMG_7218-1024x1024.jpg 1024w, https:\/\/vixisbeauty.com\/wp-content\/uploads\/2021\/09\/IMG_7218-768x768.jpg 768w, https:\/\/vixisbeauty.com\/wp-content\/uploads\/2021\/09\/IMG_7218-1536x1536.jpg 1536w, https:\/\/vixisbeauty.com\/wp-content\/uploads\/2021\/09\/IMG_7218-60x60.jpg 60w, https:\/\/vixisbeauty.com\/wp-content\/uploads\/2021\/09\/IMG_7218.jpg 1818w\" sizes=\"auto, (max-width: 150px) 100vw, 150px\" \/><\/a>\r\n    \t\t<\/div><\/figure>\r\n    \t<\/div>\n\t\t<\/div>\n\t\t\t\t<\/div>\n\t\t\t\t<\/div>\n\t\t\t\t\t<\/div>\n\t\t<\/div>\n\t\t\t\t\t\t\t<\/div>\n\t\t<\/section>\n\t\t\t\t\t\t\t<\/div>\n\t\t","protected":false},"excerpt":{"rendered":"<p>Areola (mellbimb\u00f3-mellbimb\u00f3 udvar) tetov\u00e1l\u00e1s\u00e1t egyar\u00e1nt el lehet k\u00e9sz\u00edteni masztekt\u00f3mi\u00e1n \u00e1tesett n\u0151knek, vagy akinek nem egys\u00e9ges sz\u00edn\u0171 vagy form\u00e1j\u00fa a mellbimb\u00f3 udvara. A tetov\u00e1l\u00e1st minden alkalommal &hellip; <\/p>\n","protected":false},"author":1,"featured_media":0,"parent":0,"menu_order":0,"comment_status":"closed","ping_status":"closed","template":"","meta":{"footnotes":""},"class_list":["post-12","page","type-page","status-publish","hentry"],"_links":{"self":[{"href":"https:\/\/vixisbeauty.com\/index.php\/wp-json\/wp\/v2\/pages\/12","targetHints":{"allow":["GET"]}}],"collection":[{"href":"https:\/\/vixisbeauty.com\/index.php\/wp-json\/wp\/v2\/pages"}],"about":[{"href":"https:\/\/vixisbeauty.com\/index.php\/wp-json\/wp\/v2\/types\/page"}],"author":[{"embeddable":true,"href":"https:\/\/vixisbeauty.com\/index.php\/wp-json\/wp\/v2\/users\/1"}],"replies":[{"embeddable":true,"href":"https:\/\/vixisbeauty.com\/index.php\/wp-json\/wp\/v2\/comments?post=12"}],"version-history":[{"count":34,"href":"https:\/\/vixisbeauty.com\/index.php\/wp-json\/wp\/v2\/pages\/12\/revisions"}],"predecessor-version":[{"id":396,"href":"https:\/\/vixisbeauty.com\/index.php\/wp-json\/wp\/v2\/pages\/12\/revisions\/396"}],"wp:attachment":[{"href":"https:\/\/vixisbeauty.com\/index.php\/wp-json\/wp\/v2\/media?parent=12"}],"curies":[{"name":"wp","href":"https:\/\/api.w.org\/{rel}","templated":true}]}}